{"id":5637,"date":"2022-06-22T22:42:18","date_gmt":"2022-06-22T22:42:18","guid":{"rendered":"https:\/\/decode.rs\/fsk-modemi\/"},"modified":"2023-02-15T18:13:29","modified_gmt":"2023-02-15T18:13:29","slug":"fsk-modemi","status":"publish","type":"page","link":"https:\/\/decode.rs\/sr\/fsk-modemi\/","title":{"rendered":"FSK Modemi"},"content":{"rendered":"\t\t<div data-elementor-type=\"wp-page\" data-elementor-id=\"5637\" class=\"elementor elementor-5637 elementor-3971\" data-elementor-post-type=\"page\">\n\t\t\t\t\t\t<section class=\"porto-full-no-gap elementor-section elementor-top-section elementor-element elementor-element-2288d7d6 elementor-section-full_width elementor-section-height-default elementor-section-height-default\" data-id=\"2288d7d6\" data-element_type=\"section\" data-settings=\"{&quot;jet_parallax_layout_list&quot;:[]}\">\r\n\t\t\r\n\t\t\t\t\t\t\t<div class=\"elementor-container elementor-column-gap-no\">\r\n\t\t\t\t\t\t\t\t\t\t\t<div class=\"elementor-column elementor-col-100 elementor-top-column elementor-element elementor-element-5d9e52a0\" data-id=\"5d9e52a0\" data-element_type=\"column\">\r\n\t\t\t\t\t<div class=\"elementor-widget-wrap elementor-element-populated\">\r\n\t\t\t\t\t\t\t\t<div class=\"elementor-element elementor-element-7c565b0c elementor-widget elementor-widget-image\" data-id=\"7c565b0c\" data-element_type=\"widget\" data-widget_type=\"image.default\">\n\t\t\t\t<div class=\"elementor-widget-container\">\n\t\t\t\t\t\t\t\t\t\t\t\t\t<img fetchpriority=\"high\" decoding=\"async\" width=\"1140\" height=\"384\" src=\"https:\/\/decode.rs\/wp-content\/uploads\/2022\/06\/FSK-modems-1140x384-1.jpg\" class=\"attachment-full size-full wp-image-3974\" alt=\"\" srcset=\"https:\/\/decode.rs\/wp-content\/uploads\/2022\/06\/FSK-modems-1140x384-1.jpg 1140w, https:\/\/decode.rs\/wp-content\/uploads\/2022\/06\/FSK-modems-1140x384-1-1024x345.jpg 1024w, https:\/\/decode.rs\/wp-content\/uploads\/2022\/06\/FSK-modems-1140x384-1-768x259.jpg 768w, https:\/\/decode.rs\/wp-content\/uploads\/2022\/06\/FSK-modems-1140x384-1-640x216.jpg 640w, https:\/\/decode.rs\/wp-content\/uploads\/2022\/06\/FSK-modems-1140x384-1-400x135.jpg 400w, https:\/\/decode.rs\/wp-content\/uploads\/2022\/06\/FSK-modems-1140x384-1-600x202.jpg 600w\" sizes=\"(max-width: 1140px) 100vw, 1140px\" \/>\t\t\t\t\t\t\t\t\t\t\t\t\t<\/div>\n\t\t\t\t<\/div>\n\t\t\t\t<div class=\"elementor-element elementor-element-6265657b elementor-widget elementor-widget-heading\" data-id=\"6265657b\" data-element_type=\"widget\" data-widget_type=\"heading.default\">\n\t\t\t\t<div class=\"elementor-widget-container\">\n\t\t\t<h2 class=\"elementor-heading-title elementor-size-default\">FSK Modemi\n<\/h2>\t\t<\/div>\n\t\t\t\t<\/div>\n\t\t\t\t<div class=\"elementor-element elementor-element-1a0529f5 elementor-widget elementor-widget-text-editor\" data-id=\"1a0529f5\" data-element_type=\"widget\" data-widget_type=\"text-editor.default\">\n\t\t\t\t<div class=\"elementor-widget-container\">\n\t\t\t\t\t\t\t<p lang=\"sr-Latn-RS\" align=\"justify\">Modemi su dizajnirani za upotrebu u SCADA sistemima koji se uglavnom zasnovaju na komunikacionim mre\u017eama energetskih preduzec\u0301a. U zavisnosti od standarda modulacije mo\u017ee komunicirati preko specijalizovanih, privatnih ili iznajmljenih vodova, radio veza i elektri\u010dnih vodova (PLC). Dostupan je kao desktop modem ili u dve razli\u010dite varijante standardnog reka od 19 in\u010da.<\/p>\n<p lang=\"sr-Latn-RS\" align=\"justify\">Koristec\u0301i frekventni taster sa pomeranjem (FSK) i kvadraturnu amplitudnu modulaciju (KAM) za asinhroni i sinhroni prenos podataka u govornom opsegu od 300-3400 Hz, ovi modemi su veoma imuni na smetnje i buku i dozvoljavaju \u0161iroko kori\u0161c\u0301enje komunikacione veze u opsegu glasa.<\/p>\n<p lang=\"sr-Latn-RS\" align=\"justify\">Podr\u017eano je nekoliko me\u0111unarodnih standarda ITU V.21, V.23, R.35, R.37, R.38A, R.38B, V.29, Bell 103, Bell 202 i vlasni\u010dka komunikacija Cegelec 1200\/600 Bd i Indactic 33 standardi.<\/p>\n\t\t\t\t\t\t<\/div>\n\t\t\t\t<\/div>\n\t\t\t\t\t<\/div>\r\n\t\t\t\t<\/div>\r\n\t\t\t\t\t<\/div>\r\n\t\t\t\t<\/section>\r\n\t\t\t\t<section class=\"elementor-section elementor-top-section elementor-element elementor-element-26c1f541 elementor-section-boxed elementor-section-height-default elementor-section-height-default\" data-id=\"26c1f541\" data-element_type=\"section\" data-settings=\"{&quot;jet_parallax_layout_list&quot;:[]}\">\r\n\t\t\r\n\t\t\t\t\t\t\t<div class=\"elementor-container elementor-column-gap-default\">\r\n\t\t\t\t\t\t\t\t\t\t\t<div class=\"elementor-column elementor-col-100 elementor-top-column elementor-element elementor-element-2e8cea8d\" data-id=\"2e8cea8d\" data-element_type=\"column\">\r\n\t\t\t\t\t<div class=\"elementor-widget-wrap elementor-element-populated\">\r\n\t\t\t\t\t\t\t\t<div class=\"elementor-element elementor-element-6bed59d9 elementor-widget elementor-widget-porto_products\" data-id=\"6bed59d9\" data-element_type=\"widget\" data-settings=\"{&quot;spacing&quot;:{&quot;unit&quot;:&quot;px&quot;,&quot;size&quot;:&quot;&quot;,&quot;sizes&quot;:[]}}\" data-widget_type=\"porto_products.default\">\n\t\t\t\t<div class=\"elementor-widget-container\">\n\t\t\t<div id=\"porto-products-d751713988987e9331980363e24189ce\" class=\"porto-products wpb_content_element theme_option\"><div class=\"slider-wrapper\"><div class=\"woocommerce columns-4 \"><\/div><\/div><\/div>\t\t<\/div>\n\t\t\t\t<\/div>\n\t\t\t\t\t<\/div>\r\n\t\t\t\t<\/div>\r\n\t\t\t\t\t<\/div>\r\n\t\t\t\t<\/section>\r\n\t\t\t\t<\/div>\n\t\t","protected":false},"excerpt":{"rendered":"<p>FSK Modemi Modemi su dizajnirani za upotrebu u SCADA sistemima koji se uglavnom zasnovaju na komunikacionim mre\u017eama energetskih preduzec\u0301a. U zavisnosti od standarda modulacije mo\u017ee komunicirati preko specijalizovanih, privatnih ili iznajmljenih vodova, radio veza i elektri\u010dnih vodova (PLC). Dostupan je kao desktop modem ili u dve razli\u010dite varijante standardnog reka od 19 in\u010da. Koristec\u0301i frekventni [&hellip;]<\/p>\n","protected":false},"author":1,"featured_media":0,"parent":0,"menu_order":0,"comment_status":"closed","ping_status":"closed","template":"","meta":{"footnotes":""},"class_list":["post-5637","page","type-page","status-publish","hentry"],"_links":{"self":[{"href":"https:\/\/decode.rs\/sr\/wp-json\/wp\/v2\/pages\/5637","targetHints":{"allow":["GET"]}}],"collection":[{"href":"https:\/\/decode.rs\/sr\/wp-json\/wp\/v2\/pages"}],"about":[{"href":"https:\/\/decode.rs\/sr\/wp-json\/wp\/v2\/types\/page"}],"author":[{"embeddable":true,"href":"https:\/\/decode.rs\/sr\/wp-json\/wp\/v2\/users\/1"}],"replies":[{"embeddable":true,"href":"https:\/\/decode.rs\/sr\/wp-json\/wp\/v2\/comments?post=5637"}],"version-history":[{"count":1,"href":"https:\/\/decode.rs\/sr\/wp-json\/wp\/v2\/pages\/5637\/revisions"}],"predecessor-version":[{"id":5638,"href":"https:\/\/decode.rs\/sr\/wp-json\/wp\/v2\/pages\/5637\/revisions\/5638"}],"wp:attachment":[{"href":"https:\/\/decode.rs\/sr\/wp-json\/wp\/v2\/media?parent=5637"}],"curies":[{"name":"wp","href":"https:\/\/api.w.org\/{rel}","templated":true}]}}